{"id":15,"date":"2023-04-22T10:27:40","date_gmt":"2023-04-22T08:27:40","guid":{"rendered":"https:\/\/roaringskies-safaris.com\/?page_id=15"},"modified":"2025-12-31T11:53:38","modified_gmt":"2025-12-31T10:53:38","slug":"home","status":"publish","type":"page","link":"https:\/\/roaringskies-safaris.com\/en\/","title":{"rendered":"Home"},"content":{"rendered":"<p>[et_pb_section fb_built=&#8220;1&#8243; _builder_version=&#8220;4.21.2&#8243; _module_preset=&#8220;default&#8220; background_enable_color=&#8220;off&#8220; background_image=&#8220;https:\/\/roaringskies-safaris.com\/wp-content\/uploads\/2023\/07\/K6A2061-scaled.jpg&#8220; background_position=&#8220;center_left&#8220; background_blend=&#8220;darken&#8220; width=&#8220;100%&#8220; min_height=&#8220;888px&#8220; custom_margin_tablet=&#8220;&#8220; custom_margin_phone=&#8220;||-83px||false|false&#8220; custom_margin_last_edited=&#8220;on|phone&#8220; mix_blend_mode=&#8220;darken&#8220; background_last_edited=&#8220;on|desktop&#8220; background_size_tablet=&#8220;cover&#8220; background_size_phone=&#8220;custom&#8220; background_image_width_tablet=&#8220;147%&#8220; background_image_width_phone=&#8220;0%&#8220; background_image_height_tablet=&#8220;100%&#8220; background_image_height_phone=&#8220;100%&#8220; background_position_phone=&#8220;bottom_right&#8220; background_horizontal_offset_tablet=&#8220;46%&#8220; background_horizontal_offset_phone=&#8220;45%&#8220; global_colors_info=&#8220;{}&#8220;][et_pb_row column_structure=&#8220;1_2,1_2&#8243; _builder_version=&#8220;4.21.2&#8243; _module_preset=&#8220;default&#8220; max_width=&#8220;1246px&#8220; custom_margin=&#8220;-63px||||false|false&#8220; global_colors_info=&#8220;{}&#8220;][et_pb_column type=&#8220;1_2&#8243; _builder_version=&#8220;4.20.4&#8243; _module_preset=&#8220;default&#8220; global_colors_info=&#8220;{}&#8220;][et_pb_text _builder_version=&#8220;4.21.2&#8243; _module_preset=&#8220;default&#8220; text_font=&#8220;Jost|700|||||||&#8220; text_text_color=&#8220;rgba(214,192,32,0.99)&#8220; text_font_size=&#8220;13px&#8220; text_letter_spacing=&#8220;2px&#8220; custom_margin=&#8220;||17px||false|false&#8220; text_font_size_tablet=&#8220;12px&#8220; text_font_size_phone=&#8220;11px&#8220; text_font_size_last_edited=&#8220;on|desktop&#8220; global_colors_info=&#8220;{}&#8220;]<\/p>\n<p>&nbsp;<\/p>\n<p>&nbsp;<\/p>\n<p>&nbsp;<\/p>\n<p>PRISTINE SAFARIS<\/p>\n<p>[\/et_pb_text][et_pb_text _builder_version=&#8220;4.21.2&#8243; _module_preset=&#8220;69f16c01-19a6-4afe-863d-91a296ab63d2&#8243; header_text_color=&#8220;rgba(255,255,255,0.91)&#8220; header_font_size=&#8220;76px&#8220; header_letter_spacing=&#8220;1px&#8220; header_line_height=&#8220;1.1em&#8220; custom_margin=&#8220;0px||||false|false&#8220; custom_padding=&#8220;0px||0px||false|false&#8220; header_font_size_tablet=&#8220;68px&#8220; header_font_size_phone=&#8220;41px&#8220; header_font_size_last_edited=&#8220;on|phone&#8220; global_colors_info=&#8220;{}&#8220;]<\/p>\n<h1>An experience of a lifetime<\/h1>\n<p>[\/et_pb_text][et_pb_text _builder_version=&#8220;4.21.2&#8243; _module_preset=&#8220;default&#8220; text_text_color=&#8220;rgba(255,255,255,0.94)&#8220; text_font_size=&#8220;20px&#8220; width=&#8220;100%&#8220; text_font_size_tablet=&#8220;18px&#8220; text_font_size_phone=&#8220;17px&#8220; text_font_size_last_edited=&#8220;on|phone&#8220; global_colors_info=&#8220;{}&#8220;]<\/p>\n<p class=\"text-align-center\">From exclusive and luxurious all-inclusive safari packages to affordable, but even more adventurous camping safaris, birding trips to Africa's top birding hotspots, exploration of breathtaking rainforests or guided expeditions to Africa's highest peaks...Our choice of destinations in Africa is irresistible.<\/p>\n<p class=\"text-align-center\">We are looking forward to work out an unforgettable and tailor-made safari trip for you.<\/p>\n<p>Roaring Skies Private Safaris will make your dreams come true.<\/p>\n<p>[\/et_pb_text][et_pb_button button_url=&#8220;@ET-DC@eyJkeW5hbWljIjp0cnVlLCJjb250ZW50IjoicG9zdF9saW5rX3VybF9wYWdlIiwic2V0dGluZ3MiOnsicG9zdF9pZCI6IjE4In19@&#8220; button_text=&#8220;Angebote&#8220; _builder_version=&#8220;4.20.4&#8243; _dynamic_attributes=&#8220;button_url&#8220; _module_preset=&#8220;default&#8220; custom_button=&#8220;on&#8220; button_text_size=&#8220;18px&#8220; button_text_color=&#8220;#000000&#8243; button_bg_color=&#8220;rgba(255,255,255,0.85)&#8220; button_border_width=&#8220;5px&#8220; button_border_color=&#8220;RGBA(255,255,255,0)&#8220; button_border_radius=&#8220;40px&#8220; button_letter_spacing=&#8220;0px&#8220; button_font=&#8220;Jost||||||||&#8220; button_use_icon=&#8220;off&#8220; transform_translate=&#8220;0px|51px&#8220; transform_translate_linked=&#8220;off&#8220; custom_margin=&#8220;-41px||||false|false&#8220; global_colors_info=&#8220;{}&#8220;][\/et_pb_button][\/et_pb_column][et_pb_column type=&#8220;1_2&#8243; _builder_version=&#8220;4.20.4&#8243; _module_preset=&#8220;default&#8220; global_colors_info=&#8220;{}&#8220;][\/et_pb_column][\/et_pb_row][\/et_pb_section][et_pb_section fb_built=&#8220;1&#8243; disabled_on=&#8220;on|on|off&#8220; _builder_version=&#8220;4.21.2&#8243; _module_preset=&#8220;default&#8220; transform_scale_tablet=&#8220;&#8220; transform_scale_phone=&#8220;&#8220; transform_scale_last_edited=&#8220;on|phone&#8220; transform_translate_tablet=&#8220;&#8220; transform_translate_phone=&#8220;&#8220; transform_translate_last_edited=&#8220;on|phone&#8220; transform_rotate_tablet=&#8220;&#8220; transform_rotate_phone=&#8220;&#8220; transform_rotate_last_edited=&#8220;on|phone&#8220; transform_skew_tablet=&#8220;&#8220; transform_skew_phone=&#8220;&#8220; transform_skew_last_edited=&#8220;on|phone&#8220; transform_origin_tablet=&#8220;&#8220; transform_origin_phone=&#8220;&#8220; transform_origin_last_edited=&#8220;on|phone&#8220; transform_styles_last_edited=&#8220;on|phone&#8220; min_height=&#8220;404px&#8220; max_height=&#8220;1000px&#8220; custom_margin=&#8220;0px|0px|0px|0px|false|false&#8220; custom_padding=&#8220;0px|0px|0px|0px|false|false&#8220; animation_style=&#8220;flip&#8220; animation_duration=&#8220;1600ms&#8220; animation_delay=&#8220;250ms&#8220; animation_intensity_flip=&#8220;43%&#8220; animation_starting_opacity=&#8220;15%&#8220; transform_styles_tablet=&#8220;&#8220; transform_styles_phone=&#8220;&#8220; global_colors_info=&#8220;{}&#8220;][et_pb_row column_structure=&#8220;1_4,1_4,1_4,1_4&#8243; use_custom_gutter=&#8220;on&#8220; gutter_width=&#8220;1&#8243; _builder_version=&#8220;4.20.4&#8243; _module_preset=&#8220;default&#8220; width=&#8220;100%&#8220; max_width=&#8220;2094px&#8220; max_height=&#8220;1608px&#8220; custom_margin=&#8220;0px|auto|-27px|auto|false|false&#8220; custom_padding=&#8220;0px||||false|false&#8220; global_colors_info=&#8220;{}&#8220;][et_pb_column type=&#8220;1_4&#8243; _builder_version=&#8220;4.20.4&#8243; _module_preset=&#8220;default&#8220; global_colors_info=&#8220;{}&#8220;][et_pb_image src=&#8220;https:\/\/roaringskies-safaris.com\/wp-content\/uploads\/2023\/04\/K6A6043-scaled.jpg&#8220; title_text=&#8220;_K6A6043&#8243; _builder_version=&#8220;4.20.4&#8243; _module_preset=&#8220;default&#8220; global_colors_info=&#8220;{}&#8220;][\/et_pb_image][\/et_pb_column][et_pb_column type=&#8220;1_4&#8243; _builder_version=&#8220;4.20.4&#8243; _module_preset=&#8220;default&#8220; global_colors_info=&#8220;{}&#8220;][et_pb_image src=&#8220;https:\/\/roaringskies-safaris.com\/wp-content\/uploads\/2023\/04\/K6A3418-scaled.jpg&#8220; title_text=&#8220;_K6A3418&#8243; _builder_version=&#8220;4.20.4&#8243; _module_preset=&#8220;default&#8220; global_colors_info=&#8220;{}&#8220;][\/et_pb_image][\/et_pb_column][et_pb_column type=&#8220;1_4&#8243; _builder_version=&#8220;4.20.4&#8243; _module_preset=&#8220;default&#8220; global_colors_info=&#8220;{}&#8220;][et_pb_image src=&#8220;https:\/\/roaringskies-safaris.com\/wp-content\/uploads\/2023\/04\/MG_9310-1-scaled.jpg&#8220; title_text=&#8220;_MG_9310&#8243; _builder_version=&#8220;4.20.4&#8243; _module_preset=&#8220;default&#8220; global_colors_info=&#8220;{}&#8220;][\/et_pb_image][\/et_pb_column][et_pb_column type=&#8220;1_4&#8243; _builder_version=&#8220;4.20.4&#8243; _module_preset=&#8220;default&#8220; global_colors_info=&#8220;{}&#8220;][et_pb_image src=&#8220;https:\/\/roaringskies-safaris.com\/wp-content\/uploads\/2023\/04\/K6A6541-scaled.jpg&#8220; title_text=&#8220;_K6A6541&#8243; _builder_version=&#8220;4.20.4&#8243; _module_preset=&#8220;default&#8220; global_colors_info=&#8220;{}&#8220;][\/et_pb_image][\/et_pb_column][\/et_pb_row][\/et_pb_section][et_pb_section fb_built=&#8220;1&#8243; _builder_version=&#8220;4.20.4&#8243; _module_preset=&#8220;default&#8220; background_color=&#8220;#000000&#8243; custom_margin=&#8220;||-8px|||&#8220; global_colors_info=&#8220;{}&#8220;][et_pb_row column_structure=&#8220;1_2,1_2&#8243; _builder_version=&#8220;4.20.4&#8243; _module_preset=&#8220;default&#8220; max_width=&#8220;1246px&#8220; custom_margin=&#8220;-10px||||false|false&#8220; global_colors_info=&#8220;{}&#8220;][et_pb_column type=&#8220;1_2&#8243; _builder_version=&#8220;4.20.4&#8243; _module_preset=&#8220;default&#8220; global_colors_info=&#8220;{}&#8220;][et_pb_text _builder_version=&#8220;4.21.2&#8243; _module_preset=&#8220;69f16c01-19a6-4afe-863d-91a296ab63d2&#8243; header_text_color=&#8220;rgba(255,255,255,0.91)&#8220; header_font_size=&#8220;69px&#8220; header_letter_spacing=&#8220;1px&#8220; header_font_size_tablet=&#8220;49px&#8220; header_font_size_phone=&#8220;41px&#8220; header_font_size_last_edited=&#8220;on|phone&#8220; locked=&#8220;off&#8220; global_colors_info=&#8220;{}&#8220;]<\/p>\n<h1>Let's create everlasting memories<\/h1>\n<p>[\/et_pb_text][et_pb_text _builder_version=&#8220;4.20.4&#8243; _module_preset=&#8220;default&#8220; text_font=&#8220;Jost|300|||||||&#8220; text_text_color=&#8220;rgba(255,255,255,0.86)&#8220; text_font_size=&#8220;19px&#8220; width=&#8220;100%&#8220; locked=&#8220;off&#8220; global_colors_info=&#8220;{}&#8220;]<\/p>\n<p>Are you a safari lover, passionate birdwatcher, wildlife or nature photographer and have you always wanted to experience Africa's nature with its unique wildlife and breathtaking ecosystems?<\/p>\n<p>Simon, as a professional safari guide, independent naturalist and passionate wildlife photographer, is happy to create unforgettable experiences for you.<\/p>\n<p>Do not hesitate to get in touch. We are more than happy to make your dreams come true.<\/p>\n<p>&nbsp;<\/p>\n<p>[\/et_pb_text][et_pb_button button_url=&#8220;@ET-DC@eyJkeW5hbWljIjp0cnVlLCJjb250ZW50IjoicG9zdF9saW5rX3VybF9wYWdlIiwic2V0dGluZ3MiOnsicG9zdF9pZCI6IjIyIn19@&#8220; button_text=&#8220;Jetzt kontaktieren&#8220; _builder_version=&#8220;4.20.4&#8243; _dynamic_attributes=&#8220;button_url&#8220; _module_preset=&#8220;default&#8220; custom_button=&#8220;on&#8220; button_text_size=&#8220;18px&#8220; button_text_color=&#8220;#000000&#8243; button_bg_color=&#8220;rgba(255,255,255,0.85)&#8220; button_border_width=&#8220;5px&#8220; button_border_color=&#8220;RGBA(255,255,255,0)&#8220; button_border_radius=&#8220;40px&#8220; button_letter_spacing=&#8220;0px&#8220; button_font=&#8220;Jost||||||||&#8220; button_use_icon=&#8220;off&#8220; custom_margin=&#8220;-22px||||false|false&#8220; global_colors_info=&#8220;{}&#8220;][\/et_pb_button][\/et_pb_column][et_pb_column type=&#8220;1_2&#8243; _builder_version=&#8220;4.20.4&#8243; _module_preset=&#8220;default&#8220; global_colors_info=&#8220;{}&#8220;][et_pb_image src=&#8220;https:\/\/roaringskies-safaris.com\/wp-content\/uploads\/2023\/04\/K6A3031-Edit-scaled.jpg&#8220; title_text=&#8220;_K6A3031-Edit&#8220; _builder_version=&#8220;4.21.2&#8243; _module_preset=&#8220;default&#8220; transform_scale_tablet=&#8220;&#8220; transform_scale_phone=&#8220;&#8220; transform_scale_last_edited=&#8220;on|phone&#8220; transform_translate_tablet=&#8220;&#8220; transform_translate_phone=&#8220;&#8220; transform_translate_last_edited=&#8220;on|phone&#8220; transform_rotate_tablet=&#8220;&#8220; transform_rotate_phone=&#8220;&#8220; transform_rotate_last_edited=&#8220;on|phone&#8220; transform_skew_tablet=&#8220;&#8220; transform_skew_phone=&#8220;&#8220; transform_skew_last_edited=&#8220;on|phone&#8220; transform_origin_tablet=&#8220;&#8220; transform_origin_phone=&#8220;&#8220; transform_origin_last_edited=&#8220;on|phone&#8220; transform_styles_last_edited=&#8220;on|phone&#8220; width=&#8220;94%&#8220; transform_styles_tablet=&#8220;&#8220; transform_styles_phone=&#8220;&#8220; global_colors_info=&#8220;{}&#8220;][\/et_pb_image][\/et_pb_column][\/et_pb_row][\/et_pb_section][et_pb_section fb_built=&#8220;1&#8243; _builder_version=&#8220;4.20.4&#8243; _module_preset=&#8220;default&#8220; background_color=&#8220;#000000&#8243; global_colors_info=&#8220;{}&#8220;][et_pb_row column_structure=&#8220;1_2,1_2&#8243; _builder_version=&#8220;4.20.4&#8243; _module_preset=&#8220;default&#8220; width=&#8220;83.8%&#8220; module_alignment=&#8220;center&#8220; global_colors_info=&#8220;{}&#8220;][et_pb_column type=&#8220;1_2&#8243; _builder_version=&#8220;4.20.4&#8243; _module_preset=&#8220;default&#8220; global_colors_info=&#8220;{}&#8220;][et_pb_image src=&#8220;https:\/\/roaringskies-safaris.com\/wp-content\/uploads\/2023\/04\/K6A7003-1-scaled.jpg&#8220; title_text=&#8220;_K6A7003&#8243; _builder_version=&#8220;4.21.2&#8243; _module_preset=&#8220;default&#8220; transform_scale_tablet=&#8220;&#8220; transform_scale_phone=&#8220;&#8220; transform_scale_last_edited=&#8220;on|tablet&#8220; transform_translate_tablet=&#8220;&#8220; transform_translate_phone=&#8220;&#8220; transform_translate_last_edited=&#8220;on|phone&#8220; transform_translate_linked_phone=&#8220;off&#8220; transform_rotate_tablet=&#8220;&#8220; transform_rotate_phone=&#8220;&#8220; transform_rotate_last_edited=&#8220;on|phone&#8220; transform_skew_tablet=&#8220;&#8220; transform_skew_phone=&#8220;&#8220; transform_skew_last_edited=&#8220;on|phone&#8220; transform_origin_tablet=&#8220;&#8220; transform_origin_phone=&#8220;&#8220; transform_origin_last_edited=&#8220;on|phone&#8220; transform_styles_last_edited=&#8220;on|phone&#8220; transform_styles_tablet=&#8220;&#8220; transform_styles_phone=&#8220;&#8220; global_colors_info=&#8220;{}&#8220;][\/et_pb_image][\/et_pb_column][et_pb_column type=&#8220;1_2&#8243; _builder_version=&#8220;4.20.4&#8243; _module_preset=&#8220;default&#8220; global_colors_info=&#8220;{}&#8220;][et_pb_text _builder_version=&#8220;4.21.2&#8243; _module_preset=&#8220;69f16c01-19a6-4afe-863d-91a296ab63d2&#8243; header_text_color=&#8220;rgba(255,255,255,0.91)&#8220; header_font_size=&#8220;69px&#8220; header_letter_spacing=&#8220;1px&#8220; header_font_size_tablet=&#8220;48px&#8220; header_font_size_phone=&#8220;41px&#8220; header_font_size_last_edited=&#8220;on|phone&#8220; global_colors_info=&#8220;{}&#8220;]<\/p>\n<h1>Wildlife &amp; Bird photography<\/h1>\n<p>[\/et_pb_text][et_pb_text _builder_version=&#8220;4.20.4&#8243; _module_preset=&#8220;default&#8220; text_font=&#8220;Jost|300|||||||&#8220; text_text_color=&#8220;rgba(255,255,255,0.86)&#8220; text_font_size=&#8220;19px&#8220; width=&#8220;100%&#8220; global_colors_info=&#8220;{}&#8220;]<\/p>\n<p><span>Simon is a passionate nature photographer. He specializes in bird photography, but also enjoys taking pictures of all kind of animals as well as landscapes. We would be happy to put together the perfect guided photo safari for you, whether it focuses on birds, mammals, reptiles &amp; amphibians or landscapes. We are convinced that together we can capture new and unique photographs for your new and also for your existing portfolio.<\/span><\/p>\n<p><span><\/span><\/p>\n<p><span>Take a look at Simon's images here in the gallery and see for yourself that we are the perfect partners to accompany you on your upcoming photo safaris in Kenya and throughout East Africa. Sit back and let us take care of all the planning including safaris, accommodation<br \/>and even flights.<\/span><\/p>\n<p>[\/et_pb_text][et_pb_button button_url=&#8220;@ET-DC@eyJkeW5hbWljIjp0cnVlLCJjb250ZW50IjoicG9zdF9saW5rX3VybF9wYWdlIiwic2V0dGluZ3MiOnsicG9zdF9pZCI6IjI2In19@&#8220; button_text=&#8220;Galerie&#8220; _builder_version=&#8220;4.20.4&#8243; _dynamic_attributes=&#8220;button_url&#8220; _module_preset=&#8220;default&#8220; custom_button=&#8220;on&#8220; button_text_size=&#8220;18px&#8220; button_text_color=&#8220;#000000&#8243; button_bg_color=&#8220;rgba(255,255,255,0.85)&#8220; button_border_width=&#8220;5px&#8220; button_border_color=&#8220;RGBA(255,255,255,0)&#8220; button_border_radius=&#8220;40px&#8220; button_letter_spacing=&#8220;0px&#8220; button_font=&#8220;Jost||||||||&#8220; button_use_icon=&#8220;off&#8220; custom_margin=&#8220;36px||||false|false&#8220; global_colors_info=&#8220;{}&#8220;][\/et_pb_button][\/et_pb_column][\/et_pb_row][\/et_pb_section][et_pb_section fb_built=&#8220;1&#8243; _builder_version=&#8220;4.20.4&#8243; _module_preset=&#8220;default&#8220; background_color=&#8220;#000000&#8243; global_colors_info=&#8220;{}&#8220;][et_pb_row column_structure=&#8220;1_2,1_2&#8243; _builder_version=&#8220;4.21.2&#8243; _module_preset=&#8220;default&#8220; custom_margin_tablet=&#8220;&#8220; custom_margin_phone=&#8220;-84px||||false|false&#8220; custom_margin_last_edited=&#8220;on|phone&#8220; global_colors_info=&#8220;{}&#8220;][et_pb_column type=&#8220;1_2&#8243; _builder_version=&#8220;4.20.4&#8243; _module_preset=&#8220;default&#8220; global_colors_info=&#8220;{}&#8220;][et_pb_text _builder_version=&#8220;4.21.2&#8243; _module_preset=&#8220;69f16c01-19a6-4afe-863d-91a296ab63d2&#8243; header_text_color=&#8220;rgba(255,255,255,0.91)&#8220; header_font_size=&#8220;69px&#8220; header_letter_spacing=&#8220;1px&#8220; header_font_size_tablet=&#8220;50px&#8220; header_font_size_phone=&#8220;41px&#8220; header_font_size_last_edited=&#8220;on|phone&#8220; global_colors_info=&#8220;{}&#8220;]<\/p>\n<h1>Roaring Skies Private Safaris<\/h1>\n<p>[\/et_pb_text][et_pb_text _builder_version=&#8220;4.20.4&#8243; _module_preset=&#8220;69f16c01-19a6-4afe-863d-91a296ab63d2&#8243; text_font=&#8220;Jost|300|||||||&#8220; text_text_color=&#8220;rgba(255,255,255,0.86)&#8220; text_font_size=&#8220;19px&#8220; width=&#8220;100%&#8220; global_colors_info=&#8220;{}&#8220;]<\/p>\n<p>Are you looking for an unforgettable, tailor-made adventure in Africa?<\/p>\n<p>We at Roaring Skies Private Safaris, based in Switzerland, have the vision to create the best safari trips tailored to our clients' wishes. Your dreams and expectations are our number one priority.<\/p>\n<p>At the beginning of every trip, which is fully arranged and carried by Roaring Skies Private safaris, there is a first \"get-to-know-you-meeting\". We love to work closely with you to be able to find out exactly what kind of Safari-Person you are.<\/p>\n<p>Do you love luxury and have always wanted to experience Africa's best lodges? Or are you an adventurer and not afraid to spend a night in a tent? Are you a keen birder and want to find up to 100 different bird species a day in Kenya? Or are you a nature photographer and want to take your portfolio to a whole new level?<\/p>\n<p>Learn more about us here.<\/p>\n<p>[\/et_pb_text][et_pb_button button_url=&#8220;@ET-DC@eyJkeW5hbWljIjp0cnVlLCJjb250ZW50IjoicG9zdF9saW5rX3VybF9wYWdlIiwic2V0dGluZ3MiOnsicG9zdF9pZCI6IjIwIn19@&#8220; button_text=&#8220;Mehr \u00fcber uns erfahren&#8220; _builder_version=&#8220;4.20.4&#8243; _dynamic_attributes=&#8220;button_url&#8220; _module_preset=&#8220;default&#8220; custom_button=&#8220;on&#8220; button_text_size=&#8220;18px&#8220; button_text_color=&#8220;#000000&#8243; button_bg_color=&#8220;rgba(255,255,255,0.85)&#8220; button_border_width=&#8220;5px&#8220; button_border_color=&#8220;RGBA(255,255,255,0)&#8220; button_border_radius=&#8220;40px&#8220; button_letter_spacing=&#8220;0px&#8220; button_font=&#8220;Jost||||||||&#8220; button_use_icon=&#8220;off&#8220; custom_margin=&#8220;36px||||false|false&#8220; global_colors_info=&#8220;{}&#8220;][\/et_pb_button][\/et_pb_column][et_pb_column type=&#8220;1_2&#8243; _builder_version=&#8220;4.20.4&#8243; _module_preset=&#8220;default&#8220; global_colors_info=&#8220;{}&#8220;][et_pb_image src=&#8220;https:\/\/roaringskies-safaris.com\/wp-content\/uploads\/2023\/04\/K6A1726-scaled.jpg&#8220; title_text=&#8220;_K6A1726&#8243; _builder_version=&#8220;4.20.4&#8243; _module_preset=&#8220;default&#8220; global_colors_info=&#8220;{}&#8220;][\/et_pb_image][\/et_pb_column][\/et_pb_row][\/et_pb_section][et_pb_section fb_built=&#8220;1&#8243; _builder_version=&#8220;4.21.2&#8243; _module_preset=&#8220;default&#8220; background_color=&#8220;#000000&#8243; transform_scale_tablet=&#8220;&#8220; transform_scale_phone=&#8220;&#8220; transform_scale_last_edited=&#8220;on|phone&#8220; transform_translate_tablet=&#8220;&#8220; transform_translate_phone=&#8220;&#8220; transform_translate_last_edited=&#8220;on|phone&#8220; transform_rotate_tablet=&#8220;&#8220; transform_rotate_phone=&#8220;&#8220; transform_rotate_last_edited=&#8220;on|phone&#8220; transform_skew_tablet=&#8220;&#8220; transform_skew_phone=&#8220;&#8220; transform_skew_last_edited=&#8220;on|phone&#8220; transform_origin_tablet=&#8220;&#8220; transform_origin_phone=&#8220;&#8220; transform_origin_last_edited=&#8220;on|phone&#8220; transform_styles_last_edited=&#8220;on|phone&#8220; custom_margin_tablet=&#8220;&#8220; custom_margin_phone=&#8220;&#8220; custom_margin_last_edited=&#8220;on|phone&#8220; transform_styles_tablet=&#8220;&#8220; transform_styles_phone=&#8220;&#8220; global_colors_info=&#8220;{}&#8220;][et_pb_row _builder_version=&#8220;4.21.2&#8243; _module_preset=&#8220;default&#8220; transform_scale_tablet=&#8220;&#8220; transform_scale_phone=&#8220;&#8220; transform_scale_last_edited=&#8220;on|tablet&#8220; transform_translate_tablet=&#8220;&#8220; transform_translate_phone=&#8220;&#8220; transform_translate_last_edited=&#8220;on|phone&#8220; transform_rotate_tablet=&#8220;&#8220; transform_rotate_phone=&#8220;&#8220; transform_rotate_last_edited=&#8220;on|phone&#8220; transform_skew_tablet=&#8220;&#8220; transform_skew_phone=&#8220;&#8220; transform_skew_last_edited=&#8220;on|phone&#8220; transform_origin_tablet=&#8220;&#8220; transform_origin_phone=&#8220;&#8220; transform_origin_last_edited=&#8220;on|phone&#8220; transform_styles_last_edited=&#8220;on|tablet&#8220; width_tablet=&#8220;&#8220; width_phone=&#8220;&#8220; width_last_edited=&#8220;on|phone&#8220; custom_margin_tablet=&#8220;&#8220; custom_margin_phone=&#8220;-121px||||false|false&#8220; custom_margin_last_edited=&#8220;on|phone&#8220; transform_styles_tablet=&#8220;&#8220; transform_styles_phone=&#8220;&#8220; module_alignment_tablet=&#8220;&#8220; module_alignment_phone=&#8220;center&#8220; module_alignment_last_edited=&#8220;on|phone&#8220; global_colors_info=&#8220;{}&#8220;][et_pb_column type=&#8220;4_4&#8243; _builder_version=&#8220;4.21.2&#8243; _module_preset=&#8220;default&#8220; background_last_edited=&#8220;on|phone&#8220; global_colors_info=&#8220;{}&#8220;][et_pb_slider use_bg_overlay=&#8220;on&#8220; bg_overlay_color=&#8220;#000000&#8243; _builder_version=&#8220;4.20.4&#8243; _module_preset=&#8220;default&#8220; global_colors_info=&#8220;{}&#8220;][et_pb_slide image=&#8220;https:\/\/roaringskies-safaris.com\/wp-content\/uploads\/2023\/04\/Joseph_Thomson.png&#8220; _builder_version=&#8220;4.20.4&#8243; _module_preset=&#8220;default&#8220; body_font=&#8220;Jost||||||||&#8220; body_font_size=&#8220;21px&#8220; global_colors_info=&#8220;{}&#8220; sticky_transition=&#8220;on&#8220;]<\/p>\n<p><em>\u201cHe who travels gently travels safely, he who travels safely travels far.\u201d<\/em><\/p>\n<p><em><\/em><\/p>\n<h1><strong><em>Joseph Thomson<\/em><\/strong><\/h1>\n<p>[\/et_pb_slide][et_pb_slide image=&#8220;https:\/\/roaringskies-safaris.com\/wp-content\/uploads\/2023\/04\/John-hemingway.jpg&#8220; _builder_version=&#8220;4.20.4&#8243; _module_preset=&#8220;default&#8220; body_font=&#8220;Jost||||||||&#8220; body_font_size=&#8220;21px&#8220; global_colors_info=&#8220;{}&#8220; sticky_transition=&#8220;on&#8220;]<\/p>\n<p><em>\u201cIf I have ever seen magic, it has been in Africa\u201d<\/em><\/p>\n<p><em><\/em><\/p>\n<h1><strong><em>John Hemingway<\/em><\/strong><\/h1>\n<p>[\/et_pb_slide][\/et_pb_slider][\/et_pb_column][\/et_pb_row][\/et_pb_section]<\/p>","protected":false},"excerpt":{"rendered":"<p>&nbsp; &nbsp; &nbsp; MAKELLOSE SAFARISEine Erfahrung f\u00fcrs LebenVon exklusiven und luxuri\u00f6sen all-inclusive Safari-Paketen bis hin zu erschwinglichen, daf\u00fcr umso abenteuerlicheren Camping-Safaris, Birding-Trips zu Afrikas top Birding-Hotspots, Erkundung atemberaubender Regenw\u00e4lder oder gef\u00fchrten Expeditionen zu den h\u00f6chsten Gipfeln Afrikas, unsere Auswahl an Reisezielen in Afrika ist unwiderstehlich. Wir freuen uns, f\u00fcr Sie eine unvergessliche und massgeschneiderte Safari-Reise [&hellip;]<\/p>","protected":false},"author":1,"featured_media":0,"parent":0,"menu_order":0,"comment_status":"closed","ping_status":"closed","template":"","meta":{"_et_pb_use_builder":"on","_et_pb_old_content":"<!-- wp:divi\/placeholder \/-->","_et_gb_content_width":"","footnotes":""},"class_list":["post-15","page","type-page","status-publish","hentry"],"_links":{"self":[{"href":"https:\/\/roaringskies-safaris.com\/en\/wp-json\/wp\/v2\/pages\/15","targetHints":{"allow":["GET"]}}],"collection":[{"href":"https:\/\/roaringskies-safaris.com\/en\/wp-json\/wp\/v2\/pages"}],"about":[{"href":"https:\/\/roaringskies-safaris.com\/en\/wp-json\/wp\/v2\/types\/page"}],"author":[{"embeddable":true,"href":"https:\/\/roaringskies-safaris.com\/en\/wp-json\/wp\/v2\/users\/1"}],"replies":[{"embeddable":true,"href":"https:\/\/roaringskies-safaris.com\/en\/wp-json\/wp\/v2\/comments?post=15"}],"version-history":[{"count":46,"href":"https:\/\/roaringskies-safaris.com\/en\/wp-json\/wp\/v2\/pages\/15\/revisions"}],"predecessor-version":[{"id":703,"href":"https:\/\/roaringskies-safaris.com\/en\/wp-json\/wp\/v2\/pages\/15\/revisions\/703"}],"wp:attachment":[{"href":"https:\/\/roaringskies-safaris.com\/en\/wp-json\/wp\/v2\/media?parent=15"}],"curies":[{"name":"wp","href":"https:\/\/api.w.org\/{rel}","templated":true}]}}